{"id":56,"date":"2022-04-15T16:42:45","date_gmt":"2022-04-15T16:42:45","guid":{"rendered":"https:\/\/www.coloproctomx.com\/?page_id=56"},"modified":"2026-04-01T16:23:39","modified_gmt":"2026-04-01T16:23:39","slug":"servicios","status":"publish","type":"page","link":"https:\/\/www.coloproctomx.com\/?page_id=56","title":{"rendered":"Servicios"},"content":{"rendered":"\n<p>Tratamiento m\u00e9dico y quir\u00fargico de las principales patolog\u00eda del tubo digestivo<\/p>\n\n\n\n<ul class=\"wp-block-list has-medium-font-size has-medium-font-size\">\n<li>Detecci\u00f3n temprana de c\u00e1ncer de colon, recto y ano<\/li>\n\n\n\n<li>Sangrado de tubo digestivo bajo<\/li>\n\n\n\n<li>Dolor abdominal<\/li>\n\n\n\n<li>Cirug\u00eda hemorroidal con l\u00e1ser<\/li>\n\n\n\n<li>Tratamiento de seno pilonidal con l\u00e1ser<\/li>\n\n\n\n<li>Fisuras anales<\/li>\n\n\n\n<li>Fistulas anales<\/li>\n\n\n\n<li>Prolapso rectal<\/li>\n\n\n\n<li>Manejo de estomas<\/li>\n\n\n\n<li>Condilomas anales<\/li>\n\n\n\n<li>Ultrasonido endoanal<\/li>\n\n\n\n<li>Manometria anorrectal<\/li>\n<\/ul>\n\n\n","protected":false},"excerpt":{"rendered":"<p>Tratamiento m\u00e9dico y quir\u00fargico de las principales patolog\u00eda del tubo digestivo<\/p>\n","protected":false},"author":1,"featured_media":173,"parent":0,"menu_order":0,"comment_status":"closed","ping_status":"closed","template":"page-template\/advance-search.php","meta":{"_editorskit_title_hidden":false,"_editorskit_reading_time":0,"_editorskit_is_block_options_detached":false,"_editorskit_block_options_position":"{}","_regular_price":[],"currency_symbol":[],"footnotes":""},"class_list":["post-56","page","type-page","status-publish","has-post-thumbnail","hentry"],"post_slider_layout_featured_media_urls":{"thumbnail":["https:\/\/www.coloproctomx.com\/wp-content\/uploads\/2022\/04\/1600x580-3-150x150.jpg",150,150,true],"post_slider_layout_landscape_large":["https:\/\/www.coloproctomx.com\/wp-content\/uploads\/2022\/04\/1600x580-3-1200x580.jpg",1200,580,true],"post_slider_layout_portrait_large":["https:\/\/www.coloproctomx.com\/wp-content\/uploads\/2022\/04\/1600x580-3-1200x580.jpg",1200,580,true],"post_slider_layout_square_large":["https:\/\/www.coloproctomx.com\/wp-content\/uploads\/2022\/04\/1600x580-3-1200x580.jpg",1200,580,true],"post_slider_layout_landscape":["https:\/\/www.coloproctomx.com\/wp-content\/uploads\/2022\/04\/1600x580-3-600x400.jpg",600,400,true],"post_slider_layout_portrait":["https:\/\/www.coloproctomx.com\/wp-content\/uploads\/2022\/04\/1600x580-3-600x580.jpg",600,580,true],"post_slider_layout_square":["https:\/\/www.coloproctomx.com\/wp-content\/uploads\/2022\/04\/1600x580-3-600x580.jpg",600,580,true],"full":["https:\/\/www.coloproctomx.com\/wp-content\/uploads\/2022\/04\/1600x580-3.jpg",1600,580,false]},"_links":{"self":[{"href":"https:\/\/www.coloproctomx.com\/index.php?rest_route=\/wp\/v2\/pages\/56","targetHints":{"allow":["GET"]}}],"collection":[{"href":"https:\/\/www.coloproctomx.com\/index.php?rest_route=\/wp\/v2\/pages"}],"about":[{"href":"https:\/\/www.coloproctomx.com\/index.php?rest_route=\/wp\/v2\/types\/page"}],"author":[{"embeddable":true,"href":"https:\/\/www.coloproctomx.com\/index.php?rest_route=\/wp\/v2\/users\/1"}],"replies":[{"embeddable":true,"href":"https:\/\/www.coloproctomx.com\/index.php?rest_route=%2Fwp%2Fv2%2Fcomments&post=56"}],"version-history":[{"count":13,"href":"https:\/\/www.coloproctomx.com\/index.php?rest_route=\/wp\/v2\/pages\/56\/revisions"}],"predecessor-version":[{"id":249,"href":"https:\/\/www.coloproctomx.com\/index.php?rest_route=\/wp\/v2\/pages\/56\/revisions\/249"}],"wp:featuredmedia":[{"embeddable":true,"href":"https:\/\/www.coloproctomx.com\/index.php?rest_route=\/wp\/v2\/media\/173"}],"wp:attachment":[{"href":"https:\/\/www.coloproctomx.com\/index.php?rest_route=%2Fwp%2Fv2%2Fmedia&parent=56"}],"curies":[{"name":"wp","href":"https:\/\/api.w.org\/{rel}","templated":true}]}}